{"id":1402,"date":"2025-02-11T00:52:19","date_gmt":"2025-02-10T21:52:19","guid":{"rendered":"https:\/\/sedaholiday.com\/?page_id=1402"},"modified":"2025-02-11T00:54:52","modified_gmt":"2025-02-10T21:54:52","slug":"11-duplex","status":"publish","type":"page","link":"https:\/\/sedaholiday.com\/de\/11-duplex\/","title":{"rendered":"1+1 Duplex"},"content":{"rendered":"<div data-elementor-type=\"wp-page\" data-elementor-id=\"1402\" class=\"elementor elementor-1402\">\n\t\t\t\t<div class=\"elementor-element elementor-element-1203cda e-flex e-con-boxed elementor-invisible e-con e-parent\" data-id=\"1203cda\" data-element_type=\"container\" data-settings=\"{&quot;background_background&quot;:&quot;classic&quot;,&quot;jet_parallax_layout_list&quot;:[],&quot;animation&quot;:&quot;fadeInUp&quot;}\">\n\t\t\t\t\t<div class=\"e-con-inner\">\n\t\t\t\t<div class=\"elementor-element elementor-element-b7bef81 elementor-widget elementor-widget-heading\" data-id=\"b7bef81\" data-element_type=\"widget\" data-widget_type=\"heading.default\">\n\t\t\t\t<div class=\"elementor-widget-container\">\n\t\t\t\t\t<h2 class=\"elementor-heading-title elementor-size-default\">1+1 Duplex<\/h2>\t\t\t\t<\/div>\n\t\t\t\t<\/div>\n\t\t\t\t\t<\/div>\n\t\t\t\t<\/div>\n\t\t<div class=\"elementor-element elementor-element-076fe99 e-flex e-con-boxed elementor-invisible e-con e-parent\" data-id=\"076fe99\" data-element_type=\"container\" data-settings=\"{&quot;jet_parallax_layout_list&quot;:[],&quot;animation&quot;:&quot;fadeInUp&quot;}\">\n\t\t\t\t\t<div class=\"e-con-inner\">\n\t\t<div class=\"elementor-element elementor-element-8a8c43e e-con-full e-flex e-con e-child\" data-id=\"8a8c43e\" data-element_type=\"container\" data-settings=\"{&quot;jet_parallax_layout_list&quot;:[]}\">\n\t\t\t\t<div class=\"elementor-element elementor-element-029eed1 elementor-widget elementor-widget-heading\" data-id=\"029eed1\" data-element_type=\"widget\" data-widget_type=\"heading.default\">\n\t\t\t\t<div class=\"elementor-widget-container\">\n\t\t\t\t\t<h2 class=\"elementor-heading-title elementor-size-default\">Unterk\u00fcnfte bei Seda Holiday: Zimmer mit Balkon und Terrasse<\/h2>\t\t\t\t<\/div>\n\t\t\t\t<\/div>\n\t\t\t\t<div class=\"elementor-element elementor-element-5a0573a elementor-widget elementor-widget-text-editor\" data-id=\"5a0573a\" data-element_type=\"widget\" data-widget_type=\"text-editor.default\">\n\t\t\t\t<div class=\"elementor-widget-container\">\n\t\t\t\t\t\t\t\t\t<p>Entdecken Sie den H\u00f6hepunkt an Komfort und Stil in unseren exklusiven Zimmern im Seda Holiday. Jedes ist sorgf\u00e4ltig mit luxuri\u00f6sen Annehmlichkeiten ausgestattet und so gestaltet, dass es Ihnen einen angenehmen Aufenthalt bietet. Unsere Zimmer sind ideal f\u00fcr Entspannung und Unterhaltung und erf\u00fcllen alle Aspekte Ihrer Urlaubsbed\u00fcrfnisse.<\/p><p><strong>Zimmerausstattung:<\/strong><\/p><ul><li><strong>Ger\u00e4umige Betten<\/strong>: Schlafen Sie luxuri\u00f6s in unserem Kingsize-Doppelbett, das reichlich Platz und h\u00f6chsten Komfort bietet.<\/li><li><strong>Vielseitige Wohnbereiche<\/strong>: Unsere Zimmer verf\u00fcgen \u00fcber ein Wohnzimmerset mit Schlafsofa, das perfekt f\u00fcr Familien oder zus\u00e4tzliche G\u00e4ste ist und Komfort f\u00fcr alle gew\u00e4hrleistet.<\/li><li><strong>Voll ausgestattete K\u00fcche<\/strong>: Genie\u00dfen Sie den Komfort hausgemachter Mahlzeiten in unserer voll ausgestatteten K\u00fcche mit Waschmaschine, Geschirrsp\u00fcler, K\u00fchlschrank, Elektroherd und Backofen.<\/li><li><strong>Moderne Unterhaltung<\/strong>: Bleiben Sie mit unserem hochmodernen Android-Fernseher und einer privaten Internetverbindung in Verbindung und unterhalten Sie sich.<\/li><li><strong>Klimatisierung<\/strong>: Mit unserer effizienten Klimaanlage k\u00f6nnen Sie sich unabh\u00e4ngig vom Wetter drau\u00dfen wohlf\u00fchlen.<\/li><li><strong>Au\u00dfergew\u00f6hnliche Aussichten<\/strong>: Jedes Zimmer verf\u00fcgt \u00fcber einen Balkon und eine Terrasse mit atemberaubender Aussicht auf das Meer, die jeden Moment Ihres Aufenthalts malerisch machen.<\/li><li><strong>Komplette K\u00fcchenausstattung<\/strong>: Von Kochgeschirr bis zu Utensilien sind unsere Zimmer mit allen notwendigen K\u00fcchenutensilien ausgestattet, um Ihre kulinarischen Bed\u00fcrfnisse zu erf\u00fcllen.<\/li><\/ul><p>Bei Seda Holiday sorgen wir daf\u00fcr, dass jedes Detail zu einem unvergesslichen und angenehmen Aufenthalt beitr\u00e4gt. Erleben Sie bei uns die perfekte Mischung aus Luxus und Komfort, wo jedes Zimmer ein Versprechen f\u00fcr einen unvergesslichen Urlaub in Alanya ist.<\/p>\t\t\t\t\t\t\t\t<\/div>\n\t\t\t\t<\/div>\n\t\t\t\t<\/div>\n\t\t<div class=\"elementor-element elementor-element-53b2bc1 e-con-full e-flex e-con e-child\" data-id=\"53b2bc1\" data-element_type=\"container\" data-settings=\"{&quot;jet_parallax_layout_list&quot;:[]}\">\n\t\t\t\t<div class=\"elementor-element elementor-element-25d9ba3 elementor-arrows-position-inside elementor-widget elementor-widget-image-carousel\" data-id=\"25d9ba3\" data-element_type=\"widget\" data-settings=\"{&quot;slides_to_show&quot;:&quot;1&quot;,&quot;navigation&quot;:&quot;arrows&quot;,&quot;autoplay&quot;:&quot;yes&quot;,&quot;pause_on_hover&quot;:&quot;yes&quot;,&quot;pause_on_interaction&quot;:&quot;yes&quot;,&quot;autoplay_speed&quot;:5000,&quot;infinite&quot;:&quot;yes&quot;,&quot;effect&quot;:&quot;slide&quot;,&quot;speed&quot;:500}\" data-widget_type=\"image-carousel.default\">\n\t\t\t\t<div class=\"elementor-widget-container\">\n\t\t\t\t\t\t\t<div class=\"elementor-image-carousel-wrapper swiper\" role=\"region\" aria-roledescription=\"carousel\" aria-label=\"Resim D\u00f6ng\u00fcs\u00fc\" dir=\"ltr\">\n\t\t\t<div class=\"elementor-image-carousel swiper-wrapper\" aria-live=\"off\">\n\t\t\t\t\t\t\t\t<div class=\"swiper-slide\" role=\"group\" aria-roledescription=\"slide\" aria-label=\"1 von 24\"><figure class=\"swiper-slide-inner\"><img decoding=\"async\" class=\"swiper-slide-image\" src=\"https:\/\/sedaholiday.com\/wp-content\/uploads\/2025\/02\/345w3vw3.png\" alt=\"345w3vw3\" \/><\/figure><\/div><div class=\"swiper-slide\" role=\"group\" aria-roledescription=\"slide\" aria-label=\"2 von 24\"><figure class=\"swiper-slide-inner\"><img decoding=\"async\" class=\"swiper-slide-image\" src=\"https:\/\/sedaholiday.com\/wp-content\/uploads\/2025\/02\/a2vr23arv23av.png\" alt=\"a2vr23arv23av\" \/><\/figure><\/div><div class=\"swiper-slide\" role=\"group\" aria-roledescription=\"slide\" aria-label=\"3 von 24\"><figure class=\"swiper-slide-inner\"><img decoding=\"async\" class=\"swiper-slide-image\" src=\"https:\/\/sedaholiday.com\/wp-content\/uploads\/2025\/02\/a3vfa34v34a.png\" alt=\"a3vfa34v34a\" \/><\/figure><\/div><div class=\"swiper-slide\" role=\"group\" aria-roledescription=\"slide\" aria-label=\"4 von 24\"><figure class=\"swiper-slide-inner\"><img decoding=\"async\" class=\"swiper-slide-image\" src=\"https:\/\/sedaholiday.com\/wp-content\/uploads\/2025\/02\/a23vra23rva23.png\" alt=\"a23vra23rva23\" \/><\/figure><\/div><div class=\"swiper-slide\" role=\"group\" aria-roledescription=\"slide\" aria-label=\"5 von 24\"><figure class=\"swiper-slide-inner\"><img decoding=\"async\" class=\"swiper-slide-image\" src=\"https:\/\/sedaholiday.com\/wp-content\/uploads\/2025\/02\/a34av34vra3.png\" alt=\"a34av34vra3\" \/><\/figure><\/div><div class=\"swiper-slide\" role=\"group\" aria-roledescription=\"slide\" aria-label=\"6 von 24\"><figure class=\"swiper-slide-inner\"><img decoding=\"async\" class=\"swiper-slide-image\" src=\"https:\/\/sedaholiday.com\/wp-content\/uploads\/2025\/02\/a34fva34v3a4.png\" alt=\"a34fva34v3a4\" \/><\/figure><\/div><div class=\"swiper-slide\" role=\"group\" aria-roledescription=\"slide\" aria-label=\"7 von 24\"><figure class=\"swiper-slide-inner\"><img decoding=\"async\" class=\"swiper-slide-image\" src=\"https:\/\/sedaholiday.com\/wp-content\/uploads\/2025\/02\/a34vfa34v34ava34.png\" alt=\"a34vfa34v34ava34\" \/><\/figure><\/div><div class=\"swiper-slide\" role=\"group\" aria-roledescription=\"slide\" aria-label=\"8 von 24\"><figure class=\"swiper-slide-inner\"><img decoding=\"async\" class=\"swiper-slide-image\" src=\"https:\/\/sedaholiday.com\/wp-content\/uploads\/2025\/02\/afva34va34v34.png\" alt=\"afva34va34v34\" \/><\/figure><\/div><div class=\"swiper-slide\" role=\"group\" aria-roledescription=\"slide\" aria-label=\"9 von 24\"><figure class=\"swiper-slide-inner\"><img decoding=\"async\" class=\"swiper-slide-image\" src=\"https:\/\/sedaholiday.com\/wp-content\/uploads\/2025\/02\/arv34va34v34.png\" alt=\"arv34va34v34\" \/><\/figure><\/div><div class=\"swiper-slide\" role=\"group\" aria-roledescription=\"slide\" aria-label=\"10 von 24\"><figure class=\"swiper-slide-inner\"><img decoding=\"async\" class=\"swiper-slide-image\" src=\"https:\/\/sedaholiday.com\/wp-content\/uploads\/2025\/02\/asdasdas.png\" alt=\"asdasdas\" \/><\/figure><\/div><div class=\"swiper-slide\" role=\"group\" aria-roledescription=\"slide\" aria-label=\"11 von 24\"><figure class=\"swiper-slide-inner\"><img decoding=\"async\" class=\"swiper-slide-image\" src=\"https:\/\/sedaholiday.com\/wp-content\/uploads\/2025\/02\/asdfvasdfv3.png\" alt=\"asdfvasdfv3\" \/><\/figure><\/div><div class=\"swiper-slide\" role=\"group\" aria-roledescription=\"slide\" aria-label=\"12 von 24\"><figure class=\"swiper-slide-inner\"><img decoding=\"async\" class=\"swiper-slide-image\" src=\"https:\/\/sedaholiday.com\/wp-content\/uploads\/2025\/02\/av23r2v.png\" alt=\"av23r2v\" \/><\/figure><\/div><div class=\"swiper-slide\" role=\"group\" aria-roledescription=\"slide\" aria-label=\"13 von 24\"><figure class=\"swiper-slide-inner\"><img decoding=\"async\" class=\"swiper-slide-image\" src=\"https:\/\/sedaholiday.com\/wp-content\/uploads\/2025\/02\/av34va34v34.png\" alt=\"av34va34v34\" \/><\/figure><\/div><div class=\"swiper-slide\" role=\"group\" aria-roledescription=\"slide\" aria-label=\"14 von 24\"><figure class=\"swiper-slide-inner\"><img decoding=\"async\" class=\"swiper-slide-image\" src=\"https:\/\/sedaholiday.com\/wp-content\/uploads\/2025\/02\/ca34cf3a4c4.png\" alt=\"ca34cf3a4c4\" \/><\/figure><\/div><div class=\"swiper-slide\" role=\"group\" aria-roledescription=\"slide\" aria-label=\"15 von 24\"><figure class=\"swiper-slide-inner\"><img decoding=\"async\" class=\"swiper-slide-image\" src=\"https:\/\/sedaholiday.com\/wp-content\/uploads\/2025\/02\/drsgsvredvr.png\" alt=\"drsgsvredvr\" \/><\/figure><\/div><div class=\"swiper-slide\" role=\"group\" aria-roledescription=\"slide\" aria-label=\"16 von 24\"><figure class=\"swiper-slide-inner\"><img decoding=\"async\" class=\"swiper-slide-image\" src=\"https:\/\/sedaholiday.com\/wp-content\/uploads\/2025\/02\/fa34va34v34a.png\" alt=\"fa34va34v34a\" \/><\/figure><\/div><div class=\"swiper-slide\" role=\"group\" aria-roledescription=\"slide\" aria-label=\"17 von 24\"><figure class=\"swiper-slide-inner\"><img decoding=\"async\" class=\"swiper-slide-image\" src=\"https:\/\/sedaholiday.com\/wp-content\/uploads\/2025\/02\/s3v34vg3s4gv3.png\" alt=\"s3v34vg3s4gv3\" \/><\/figure><\/div><div class=\"swiper-slide\" role=\"group\" aria-roledescription=\"slide\" aria-label=\"18 von 24\"><figure class=\"swiper-slide-inner\"><img decoding=\"async\" class=\"swiper-slide-image\" src=\"https:\/\/sedaholiday.com\/wp-content\/uploads\/2025\/02\/sergververs.png\" alt=\"sergververs\" \/><\/figure><\/div><div class=\"swiper-slide\" role=\"group\" aria-roledescription=\"slide\" aria-label=\"19 von 24\"><figure class=\"swiper-slide-inner\"><img decoding=\"async\" class=\"swiper-slide-image\" src=\"https:\/\/sedaholiday.com\/wp-content\/uploads\/2025\/02\/servesrvtesr43534.png\" alt=\"servesrvtesr43534\" \/><\/figure><\/div><div class=\"swiper-slide\" role=\"group\" aria-roledescription=\"slide\" aria-label=\"20 von 24\"><figure class=\"swiper-slide-inner\"><img decoding=\"async\" class=\"swiper-slide-image\" src=\"https:\/\/sedaholiday.com\/wp-content\/uploads\/2025\/02\/servtesrtvesr.png\" alt=\"servtesrtvesr\" \/><\/figure><\/div><div class=\"swiper-slide\" role=\"group\" aria-roledescription=\"slide\" aria-label=\"21 von 24\"><figure class=\"swiper-slide-inner\"><img decoding=\"async\" class=\"swiper-slide-image\" src=\"https:\/\/sedaholiday.com\/wp-content\/uploads\/2025\/02\/sevgservserv4.png\" alt=\"sevgservserv4\" \/><\/figure><\/div><div class=\"swiper-slide\" role=\"group\" aria-roledescription=\"slide\" aria-label=\"22 von 24\"><figure class=\"swiper-slide-inner\"><img decoding=\"async\" class=\"swiper-slide-image\" src=\"https:\/\/sedaholiday.com\/wp-content\/uploads\/2025\/02\/srvserves423v2.png\" alt=\"srvserves423v2\" \/><\/figure><\/div><div class=\"swiper-slide\" role=\"group\" aria-roledescription=\"slide\" aria-label=\"23 von 24\"><figure class=\"swiper-slide-inner\"><img decoding=\"async\" class=\"swiper-slide-image\" src=\"https:\/\/sedaholiday.com\/wp-content\/uploads\/2025\/02\/va23rv23va23.png\" alt=\"va23rv23va23\" \/><\/figure><\/div><div class=\"swiper-slide\" role=\"group\" aria-roledescription=\"slide\" aria-label=\"24 von 24\"><figure class=\"swiper-slide-inner\"><img decoding=\"async\" class=\"swiper-slide-image\" src=\"https:\/\/sedaholiday.com\/wp-content\/uploads\/2025\/02\/vasdvsdvsad12312312.png\" alt=\"vasdvsdvsad12312312\" \/><\/figure><\/div>\t\t\t<\/div>\n\t\t\t\t\t\t\t\t\t\t\t\t<div class=\"elementor-swiper-button elementor-swiper-button-prev\" role=\"button\" tabindex=\"0\">\n\t\t\t\t\t\t<svg aria-hidden=\"true\" class=\"e-font-icon-svg e-eicon-chevron-left\" viewbox=\"0 0 1000 1000\" xmlns=\"http:\/\/www.w3.org\/2000\/svg\"><path d=\"M646 125C629 125 613 133 604 142L308 442C296 454 292 471 292 487 292 504 296 521 308 533L604 854C617 867 629 875 646 875 663 875 679 871 692 858 704 846 713 829 713 812 713 796 708 779 692 767L438 487 692 225C700 217 708 204 708 187 708 171 704 154 692 142 675 129 663 125 646 125Z\"><\/path><\/svg>\t\t\t\t\t<\/div>\n\t\t\t\t\t<div class=\"elementor-swiper-button elementor-swiper-button-next\" role=\"button\" tabindex=\"0\">\n\t\t\t\t\t\t<svg aria-hidden=\"true\" class=\"e-font-icon-svg e-eicon-chevron-right\" viewbox=\"0 0 1000 1000\" xmlns=\"http:\/\/www.w3.org\/2000\/svg\"><path d=\"M696 533C708 521 713 504 713 487 713 471 708 454 696 446L400 146C388 133 375 125 354 125 338 125 325 129 313 142 300 154 292 171 292 187 292 204 296 221 308 233L563 492 304 771C292 783 288 800 288 817 288 833 296 850 308 863 321 871 338 875 354 875 371 875 388 867 400 854L696 533Z\"><\/path><\/svg>\t\t\t\t\t<\/div>\n\t\t\t\t\n\t\t\t\t\t\t\t\t\t<\/div>\n\t\t\t\t\t\t<\/div>\n\t\t\t\t<\/div>\n\t\t\t\t<\/div>\n\t\t\t\t\t<\/div>\n\t\t\t\t<\/div>\n\t\t<div class=\"elementor-element elementor-element-f507457 e-flex e-con-boxed elementor-invisible e-con e-parent\" data-id=\"f507457\" data-element_type=\"container\" data-settings=\"{&quot;jet_parallax_layout_list&quot;:[],&quot;animation&quot;:&quot;fadeInUp&quot;}\">\n\t\t\t\t\t<div class=\"e-con-inner\">\n\t\t\t\t<div class=\"elementor-element elementor-element-612423a elementor-widget elementor-widget-text-editor\" data-id=\"612423a\" data-element_type=\"widget\" data-widget_type=\"text-editor.default\">\n\t\t\t\t<div class=\"elementor-widget-container\">\n\t\t\t\t\t\t\t\t\t<h3>\u00dcber Seda Holiday<\/h3><p><strong>Willkommen bei Seda Holiday<\/strong>, wo der Charme von Alanya auf modernen Luxus trifft und eine idyllische Umgebung f\u00fcr Reisende bietet, die die Quintessenz eines unvergesslichen Urlaubs suchen. Unser Hotel liegt im pulsierenden Herzen von Alanya und ist ein Leuchtturm des Komforts und der Eleganz. Es bietet einen Panoramablick auf das ruhige Mittelmeer und einfachen Zugang zu den ber\u00fchmten Sehensw\u00fcrdigkeiten der Stadt.<\/p><p><strong>Wer wir sind<\/strong> Eingebettet zwischen dem glitzernden Mittelmeer und dem majest\u00e4tischen Taurusgebirge ist Seda Holiday mehr als nur ein Reiseziel; es ist Ihr exklusiver Zufluchtsort in Alanya. Wir verbinden modernen Luxus mit nahtlosem Service, um sicherzustellen, dass jeder Aufenthalt perfekt ist. Unsere Zimmer sind sorgf\u00e4ltig f\u00fcr ultimativen Komfort und \u00e4sthetische Attraktivit\u00e4t gestaltet und richten sich gleicherma\u00dfen an Familien, Paare und Alleinreisende. Ob Sie an unserem ruhigen Pool faulenzen oder das anspruchsvolle Ambiente unserer Zimmer genie\u00dfen, Seda Holiday verspricht einen Zufluchtsort, der Entspannung mit Luxus verbindet.<\/p><p><strong>Unsere Mission<\/strong> Unsere Mission ist es, ein au\u00dfergew\u00f6hnliches Urlaubserlebnis zu bieten, das fesselt und erfreut. Wir sind bestrebt, Ihren Aufenthalt mit beispiellosem Service, luxuri\u00f6ser Umgebung und Liebe zum Detail zu personalisieren, sodass jeder Moment unvergesslich wird. Bei Seda Holiday legen wir eine Leidenschaft f\u00fcr Nachhaltigkeit und Exzellenz und streben danach, das Markenzeichen der Gastfreundschaft in Alanya zu sein.<\/p><p><strong>Unsere Vision<\/strong> Unsere Vision bei Seda Holiday ist es, uns als eine S\u00e4ule der Hotelbranche in Alanya zu etablieren, ein Synonym f\u00fcr au\u00dfergew\u00f6hnliche G\u00e4steerlebnisse und der Inbegriff t\u00fcrkischer Gastfreundschaft. Wir sind von dem Wunsch getrieben, Ihre erste Wahl f\u00fcr Luxus, Entspannung und Abenteuer in Alanya zu sein, und entwickeln uns st\u00e4ndig weiter, um die Erwartungen unserer G\u00e4ste zu \u00fcbertreffen und unseren guten Ruf aufrechtzuerhalten.<\/p><h3>Warum Seda Holiday w\u00e4hlen?<\/h3><ul><li><strong>Erstklassige Lage<\/strong>: Nur wenige Schritte vom ber\u00fchmten Kleopatra-Strand und der historischen Burg von Alanya entfernt bietet unser Hotel direkten Zugang zum Besten der Stadt \u2013 von sonnenverw\u00f6hnten Str\u00e4nden bis zu pulsierenden Einkaufsvierteln.<\/li><li><strong>Luxuri\u00f6se Annehmlichkeiten<\/strong>: Verw\u00f6hnen Sie sich mit unseren erstklassigen Einrichtungen, darunter ein modernes Spa, ein erfrischender Swimmingpool und ein ausgezeichnetes Restaurant, das sowohl t\u00fcrkische Delikatessen als auch internationale Klassiker serviert.<\/li><li><strong>Au\u00dfergew\u00f6hnlicher Service<\/strong>: Unser engagiertes Team sorgt daf\u00fcr, dass Ihr Aufenthalt im Seda Holiday reibungslos und unvergesslich wird. Wir sind stolz auf unsere F\u00e4higkeit, Ihnen einen pers\u00f6nlichen Service zu bieten, bei dem Sie sich wie zu Hause f\u00fchlen.<\/li><\/ul>\t\t\t\t\t\t\t\t<\/div>\n\t\t\t\t<\/div>\n\t\t\t\t\t<\/div>\n\t\t\t\t<\/div>\n\t\t\t\t<\/div>","protected":false},"excerpt":{"rendered":"<p>1+1 Duplex-Unterk\u00fcnfte bei Seda Holiday: Zimmer mit Balkon und Terrasse Entdecken Sie den H\u00f6hepunkt an Komfort und Stil in unseren exklusiven Zimmern bei Seda Holiday, die alle sorgf\u00e4ltig mit luxuri\u00f6sen Annehmlichkeiten ausgestattet und f\u00fcr einen reibungslosen Aufenthalt konzipiert sind. Unsere Zimmer sind ideal f\u00fcr Entspannung und Unterhaltung und erf\u00fcllen alle Aspekte Ihrer Urlaubsbed\u00fcrfnisse. Zimmer [\u2026]<\/p>","protected":false},"author":1,"featured_media":0,"parent":0,"menu_order":0,"comment_status":"closed","ping_status":"closed","template":"elementor_header_footer","meta":{"_acf_changed":false,"footnotes":""},"class_list":["post-1402","page","type-page","status-publish","hentry"],"acf":[],"yoast_head":"<!-- This site is optimized with the Yoast SEO plugin v24.2 - https:\/\/yoast.com\/wordpress\/plugins\/seo\/ -->\n<title>1+1 Duplex - Seda Holiday | Alanya Hotel<\/title>\n<meta name=\"robots\" content=\"index, follow, max-snippet:-1, max-image-preview:large, max-video-preview:-1\" \/>\n<link rel=\"canonical\" href=\"https:\/\/sedaholiday.com\/de\/wp-json\/wp\/v2\/pages\/1402\" \/>\n<meta property=\"og:locale\" content=\"de_DE\" \/>\n<meta property=\"og:type\" content=\"article\" \/>\n<meta property=\"og:title\" content=\"1+1 Duplex - Seda Holiday | Alanya Hotel\" \/>\n<meta property=\"og:description\" content=\"1+1 Duplex Accommodations at Seda Holiday: Rooms with Balcony and Terrace Discover the pinnacle of comfort and style in our exclusive rooms at Seda Holiday, each thoughtfully equipped with luxurious amenities and designed to offer a seamless stay. Ideal for both relaxation and entertainment, our rooms cater to every aspect of your vacation needs. Room [&hellip;]\" \/>\n<meta property=\"og:url\" content=\"https:\/\/sedaholiday.com\/de\/11-duplex\/\" \/>\n<meta property=\"og:site_name\" content=\"Seda Holiday | Alanya Hotel\" \/>\n<meta property=\"article:modified_time\" content=\"2025-02-10T21:54:52+00:00\" \/>\n<meta property=\"og:image\" content=\"https:\/\/sedaholiday.com\/wp-content\/uploads\/2025\/02\/345w3vw3.png\" \/>\n<meta name=\"twitter:card\" content=\"summary_large_image\" \/>\n<meta name=\"twitter:label1\" content=\"Gesch\u00e4tzte Lesezeit\" \/>\n\t<meta name=\"twitter:data1\" content=\"9\u00a0Minuten\" \/>\n<script type=\"application\/ld+json\" class=\"yoast-schema-graph\">{\"@context\":\"https:\/\/schema.org\",\"@graph\":[{\"@type\":\"WebPage\",\"@id\":\"https:\/\/sedaholiday.com\/11-duplex\/\",\"url\":\"https:\/\/sedaholiday.com\/11-duplex\/\",\"name\":\"1+1 Duplex - Seda Holiday | Alanya Hotel\",\"isPartOf\":{\"@id\":\"https:\/\/sedaholiday.com\/#website\"},\"primaryImageOfPage\":{\"@id\":\"https:\/\/sedaholiday.com\/11-duplex\/#primaryimage\"},\"image\":{\"@id\":\"https:\/\/sedaholiday.com\/11-duplex\/#primaryimage\"},\"thumbnailUrl\":\"https:\/\/sedaholiday.com\/wp-content\/uploads\/2025\/02\/345w3vw3.png\",\"datePublished\":\"2025-02-10T21:52:19+00:00\",\"dateModified\":\"2025-02-10T21:54:52+00:00\",\"breadcrumb\":{\"@id\":\"https:\/\/sedaholiday.com\/11-duplex\/#breadcrumb\"},\"inLanguage\":\"de\",\"potentialAction\":[{\"@type\":\"ReadAction\",\"target\":[\"https:\/\/sedaholiday.com\/11-duplex\/\"]}]},{\"@type\":\"ImageObject\",\"inLanguage\":\"de\",\"@id\":\"https:\/\/sedaholiday.com\/11-duplex\/#primaryimage\",\"url\":\"https:\/\/sedaholiday.com\/wp-content\/uploads\/2025\/02\/345w3vw3.png\",\"contentUrl\":\"https:\/\/sedaholiday.com\/wp-content\/uploads\/2025\/02\/345w3vw3.png\"},{\"@type\":\"BreadcrumbList\",\"@id\":\"https:\/\/sedaholiday.com\/11-duplex\/#breadcrumb\",\"itemListElement\":[{\"@type\":\"ListItem\",\"position\":1,\"name\":\"Anasayfa\",\"item\":\"https:\/\/sedaholiday.com\/\"},{\"@type\":\"ListItem\",\"position\":2,\"name\":\"1+1 Duplex\"}]},{\"@type\":\"WebSite\",\"@id\":\"https:\/\/sedaholiday.com\/#website\",\"url\":\"https:\/\/sedaholiday.com\/\",\"name\":\"Seda Holiday | Alanya Hotel\",\"description\":\"Seda Holiday | Alanya Hotel\",\"potentialAction\":[{\"@type\":\"SearchAction\",\"target\":{\"@type\":\"EntryPoint\",\"urlTemplate\":\"https:\/\/sedaholiday.com\/?s={search_term_string}\"},\"query-input\":{\"@type\":\"PropertyValueSpecification\",\"valueRequired\":true,\"valueName\":\"search_term_string\"}}],\"inLanguage\":\"de\"}]}<\/script>\n<!-- \/ Yoast SEO plugin. -->","yoast_head_json":{"title":"1+1 Duplex - Seda Holiday | Alanya Hotel","robots":{"index":"index","follow":"follow","max-snippet":"max-snippet:-1","max-image-preview":"max-image-preview:large","max-video-preview":"max-video-preview:-1"},"canonical":"https:\/\/sedaholiday.com\/de\/wp-json\/wp\/v2\/pages\/1402","og_locale":"de_DE","og_type":"article","og_title":"1+1 Duplex - Seda Holiday | Alanya Hotel","og_description":"1+1 Duplex Accommodations at Seda Holiday: Rooms with Balcony and Terrace Discover the pinnacle of comfort and style in our exclusive rooms at Seda Holiday, each thoughtfully equipped with luxurious amenities and designed to offer a seamless stay. Ideal for both relaxation and entertainment, our rooms cater to every aspect of your vacation needs. Room [&hellip;]","og_url":"https:\/\/sedaholiday.com\/de\/11-duplex\/","og_site_name":"Seda Holiday | Alanya Hotel","article_modified_time":"2025-02-10T21:54:52+00:00","og_image":[{"url":"https:\/\/sedaholiday.com\/wp-content\/uploads\/2025\/02\/345w3vw3.png","type":"","width":"","height":""}],"twitter_card":"summary_large_image","twitter_misc":{"Gesch\u00e4tzte Lesezeit":"9\u00a0Minuten"},"schema":{"@context":"https:\/\/schema.org","@graph":[{"@type":"WebPage","@id":"https:\/\/sedaholiday.com\/11-duplex\/","url":"https:\/\/sedaholiday.com\/11-duplex\/","name":"1+1 Duplex - Seda Holiday | Alanya Hotel","isPartOf":{"@id":"https:\/\/sedaholiday.com\/#website"},"primaryImageOfPage":{"@id":"https:\/\/sedaholiday.com\/11-duplex\/#primaryimage"},"image":{"@id":"https:\/\/sedaholiday.com\/11-duplex\/#primaryimage"},"thumbnailUrl":"https:\/\/sedaholiday.com\/wp-content\/uploads\/2025\/02\/345w3vw3.png","datePublished":"2025-02-10T21:52:19+00:00","dateModified":"2025-02-10T21:54:52+00:00","breadcrumb":{"@id":"https:\/\/sedaholiday.com\/11-duplex\/#breadcrumb"},"inLanguage":"de","potentialAction":[{"@type":"ReadAction","target":["https:\/\/sedaholiday.com\/11-duplex\/"]}]},{"@type":"ImageObject","inLanguage":"de","@id":"https:\/\/sedaholiday.com\/11-duplex\/#primaryimage","url":"https:\/\/sedaholiday.com\/wp-content\/uploads\/2025\/02\/345w3vw3.png","contentUrl":"https:\/\/sedaholiday.com\/wp-content\/uploads\/2025\/02\/345w3vw3.png"},{"@type":"BreadcrumbList","@id":"https:\/\/sedaholiday.com\/11-duplex\/#breadcrumb","itemListElement":[{"@type":"ListItem","position":1,"name":"Anasayfa","item":"https:\/\/sedaholiday.com\/"},{"@type":"ListItem","position":2,"name":"1+1 Duplex"}]},{"@type":"WebSite","@id":"https:\/\/sedaholiday.com\/#website","url":"https:\/\/sedaholiday.com\/","name":"Seda Holiday | Alanya Hotel","description":"Seda Holiday | Alanya Hotel","potentialAction":[{"@type":"SearchAction","target":{"@type":"EntryPoint","urlTemplate":"https:\/\/sedaholiday.com\/?s={search_term_string}"},"query-input":{"@type":"PropertyValueSpecification","valueRequired":true,"valueName":"search_term_string"}}],"inLanguage":"de"}]}},"_links":{"self":[{"href":"https:\/\/sedaholiday.com\/de\/wp-json\/wp\/v2\/pages\/1402","targetHints":{"allow":["GET"]}}],"collection":[{"href":"https:\/\/sedaholiday.com\/de\/wp-json\/wp\/v2\/pages"}],"about":[{"href":"https:\/\/sedaholiday.com\/de\/wp-json\/wp\/v2\/types\/page"}],"author":[{"embeddable":true,"href":"https:\/\/sedaholiday.com\/de\/wp-json\/wp\/v2\/users\/1"}],"replies":[{"embeddable":true,"href":"https:\/\/sedaholiday.com\/de\/wp-json\/wp\/v2\/comments?post=1402"}],"version-history":[{"count":4,"href":"https:\/\/sedaholiday.com\/de\/wp-json\/wp\/v2\/pages\/1402\/revisions"}],"predecessor-version":[{"id":1411,"href":"https:\/\/sedaholiday.com\/de\/wp-json\/wp\/v2\/pages\/1402\/revisions\/1411"}],"wp:attachment":[{"href":"https:\/\/sedaholiday.com\/de\/wp-json\/wp\/v2\/media?parent=1402"}],"curies":[{"name":"wp","href":"https:\/\/api.w.org\/{rel}","templated":true}]}}