{"id":1166,"date":"2025-01-16T23:16:26","date_gmt":"2025-01-16T20:16:26","guid":{"rendered":"https:\/\/sedaholiday.com\/?page_id=1166"},"modified":"2025-02-12T19:04:29","modified_gmt":"2025-02-12T16:04:29","slug":"about-us","status":"publish","type":"page","link":"https:\/\/sedaholiday.com\/tr\/about-us\/","title":{"rendered":"Hakk\u0131m\u0131zda"},"content":{"rendered":"<div data-elementor-type=\"wp-page\" data-elementor-id=\"1166\" class=\"elementor elementor-1166\">\n\t\t\t\t<div class=\"elementor-element elementor-element-0cbc0fa e-flex e-con-boxed e-con e-parent\" data-id=\"0cbc0fa\" data-element_type=\"container\" data-settings=\"{&quot;background_background&quot;:&quot;classic&quot;,&quot;jet_parallax_layout_list&quot;:[]}\">\n\t\t\t\t\t<div class=\"e-con-inner\">\n\t\t\t\t<div class=\"elementor-element elementor-element-2a2ffca elementor-widget elementor-widget-heading\" data-id=\"2a2ffca\" data-element_type=\"widget\" data-widget_type=\"heading.default\">\n\t\t\t\t<div class=\"elementor-widget-container\">\n\t\t\t\t\t<h2 class=\"elementor-heading-title elementor-size-default\">Hakk\u0131m\u0131zda<\/h2>\t\t\t\t<\/div>\n\t\t\t\t<\/div>\n\t\t\t\t\t<\/div>\n\t\t\t\t<\/div>\n\t\t<div class=\"elementor-element elementor-element-ba2c3ec e-flex e-con-boxed e-con e-parent\" data-id=\"ba2c3ec\" data-element_type=\"container\" data-settings=\"{&quot;jet_parallax_layout_list&quot;:[]}\">\n\t\t\t\t\t<div class=\"e-con-inner\">\n\t\t<div class=\"elementor-element elementor-element-2e1ff8c e-con-full e-flex elementor-invisible e-con e-child\" data-id=\"2e1ff8c\" data-element_type=\"container\" data-settings=\"{&quot;jet_parallax_layout_list&quot;:[],&quot;animation&quot;:&quot;fadeInLeft&quot;}\">\n\t\t\t\t<div class=\"elementor-element elementor-element-6a4339f elementor-widget elementor-widget-heading\" data-id=\"6a4339f\" data-element_type=\"widget\" data-widget_type=\"heading.default\">\n\t\t\t\t<div class=\"elementor-widget-container\">\n\t\t\t\t\t<h2 class=\"elementor-heading-title elementor-size-default\">Biz Kimiz<\/h2>\t\t\t\t<\/div>\n\t\t\t\t<\/div>\n\t\t\t\t<div class=\"elementor-element elementor-element-eaddf35 elementor-widget elementor-widget-text-editor\" data-id=\"eaddf35\" data-element_type=\"widget\" data-widget_type=\"text-editor.default\">\n\t\t\t\t<div class=\"elementor-widget-container\">\n\t\t\t\t\t\t\t\t\t<p>Alanya&#039;n\u0131n kalbinde yer alan Seda Holiday, unutulmaz bir tatil deneyimi arayan gezginlere konfor, l\u00fcks ve rahatl\u0131\u011f\u0131n m\u00fckemmel bir kar\u0131\u015f\u0131m\u0131n\u0131 sunuyor. T\u00fcrkiye&#039;nin en sevilen sahil beldelerinden birinde bulunan Seda Holiday, konuklar\u0131na muhte\u015fem Akdeniz manzaralar\u0131n\u0131n, d\u00fcnya standartlar\u0131nda olanaklar\u0131n ve ola\u011fan\u00fcst\u00fc hizmetin keyfini \u00e7\u0131karmalar\u0131n\u0131 sa\u011fl\u0131yor.<\/p><p>Otelimiz, ister aile ka\u00e7ama\u011f\u0131, ister romantik bir ka\u00e7amak, ister tek ba\u015f\u0131n\u0131za bir inziva i\u00e7in burada olun, her gezginin ihtiya\u00e7lar\u0131n\u0131 kar\u015f\u0131lamak \u00fczere tasarlanm\u0131\u015ft\u0131r. Modern, zarif bir \u015fekilde d\u00f6\u015fenmi\u015f odalar\u0131m\u0131zdan sakin havuz kenar\u0131m\u0131za kadar her ayr\u0131nt\u0131, size en \u00fcst d\u00fczeyde rahatlama sa\u011flamak i\u00e7in \u00f6zenle d\u00fczenlenmi\u015ftir.<\/p>\t\t\t\t\t\t\t\t<\/div>\n\t\t\t\t<\/div>\n\t\t\t\t<\/div>\n\t\t<div class=\"elementor-element elementor-element-4cdf144 e-con-full e-flex elementor-invisible e-con e-child\" data-id=\"4cdf144\" data-element_type=\"container\" data-settings=\"{&quot;jet_parallax_layout_list&quot;:[],&quot;animation&quot;:&quot;fadeInRight&quot;}\">\n\t\t\t\t<div class=\"elementor-element elementor-element-81a1289 elementor-widget elementor-widget-image\" data-id=\"81a1289\" data-element_type=\"widget\" data-widget_type=\"image.default\">\n\t\t\t\t<div class=\"elementor-widget-container\">\n\t\t\t\t\t\t\t\t\t\t\t\t\t\t\t\t<a href=\"https:\/\/sedaholiday.com\/tr\/\">\n\t\t\t\t\t\t\t<img fetchpriority=\"high\" decoding=\"async\" width=\"747\" height=\"542\" src=\"https:\/\/sedaholiday.com\/wp-content\/uploads\/2019\/11\/Seda-Holiday-Logo.png\" class=\"attachment-full size-full wp-image-883\" alt=\"\" srcset=\"https:\/\/sedaholiday.com\/wp-content\/uploads\/2019\/11\/Seda-Holiday-Logo.png 747w, https:\/\/sedaholiday.com\/wp-content\/uploads\/2019\/11\/Seda-Holiday-Logo-300x218.png 300w, https:\/\/sedaholiday.com\/wp-content\/uploads\/2019\/11\/Seda-Holiday-Logo-18x12.png 18w\" sizes=\"(max-width: 747px) 100vw, 747px\" \/>\t\t\t\t\t\t\t\t<\/a>\n\t\t\t\t\t\t\t\t\t\t\t\t\t\t\t<\/div>\n\t\t\t\t<\/div>\n\t\t\t\t<\/div>\n\t\t\t\t\t<\/div>\n\t\t\t\t<\/div>\n\t\t<div class=\"elementor-element elementor-element-dc3d4e1 e-flex e-con-boxed e-con e-parent\" data-id=\"dc3d4e1\" data-element_type=\"container\" data-settings=\"{&quot;jet_parallax_layout_list&quot;:[]}\">\n\t\t\t\t\t<div class=\"e-con-inner\">\n\t\t<div class=\"elementor-element elementor-element-07a3933 e-con-full e-flex elementor-invisible e-con e-child\" data-id=\"07a3933\" data-element_type=\"container\" data-settings=\"{&quot;jet_parallax_layout_list&quot;:[],&quot;animation&quot;:&quot;fadeInLeft&quot;}\">\n\t\t\t\t<div class=\"elementor-element elementor-element-6f85ef6 elementor-widget elementor-widget-heading\" data-id=\"6f85ef6\" data-element_type=\"widget\" data-widget_type=\"heading.default\">\n\t\t\t\t<div class=\"elementor-widget-container\">\n\t\t\t\t\t<h2 class=\"elementor-heading-title elementor-size-default\">Misyon<\/h2>\t\t\t\t<\/div>\n\t\t\t\t<\/div>\n\t\t\t\t<div class=\"elementor-element elementor-element-297db68 elementor-widget elementor-widget-text-editor\" data-id=\"297db68\" data-element_type=\"widget\" data-widget_type=\"text-editor.default\">\n\t\t\t\t<div class=\"elementor-widget-container\">\n\t\t\t\t\t\t\t\t\t<p>Seda Holiday&#039;de misyonumuz, konuklar\u0131m\u0131za Alanya&#039;n\u0131n kalbinde ola\u011fan\u00fcst\u00fc ve unutulmaz bir tatil deneyimi sunmakt\u0131r. L\u00fcks, konfor ve ki\u015fiselle\u015ftirilmi\u015f hizmeti bir araya getirerek, her konuklar\u0131m\u0131z\u0131n muhte\u015fem Akdeniz \u00e7evresinin tad\u0131n\u0131 \u00e7\u0131kar\u0131rken kendilerini evlerinde hissetmelerini sa\u011flamaya \u00e7al\u0131\u015f\u0131yoruz. S\u00fcrd\u00fcr\u00fclebilir uygulamalar ve m\u00fckemmelli\u011fe olan ba\u011fl\u0131l\u0131\u011f\u0131m\u0131zla, Alanya&#039;da misafirperverlik i\u00e7in yeni bir standart belirlemeyi hedefliyoruz.<\/p>\t\t\t\t\t\t\t\t<\/div>\n\t\t\t\t<\/div>\n\t\t\t\t<\/div>\n\t\t<div class=\"elementor-element elementor-element-d145a8a e-con-full e-flex elementor-invisible e-con e-child\" data-id=\"d145a8a\" data-element_type=\"container\" data-settings=\"{&quot;jet_parallax_layout_list&quot;:[],&quot;animation&quot;:&quot;fadeInRight&quot;}\">\n\t\t\t\t<div class=\"elementor-element elementor-element-99a7573 elementor-widget elementor-widget-heading\" data-id=\"99a7573\" data-element_type=\"widget\" data-widget_type=\"heading.default\">\n\t\t\t\t<div class=\"elementor-widget-container\">\n\t\t\t\t\t<h2 class=\"elementor-heading-title elementor-size-default\">G\u00f6r\u00fc\u015f<\/h2>\t\t\t\t<\/div>\n\t\t\t\t<\/div>\n\t\t\t\t<div class=\"elementor-element elementor-element-b5e4fdf elementor-widget elementor-widget-text-editor\" data-id=\"b5e4fdf\" data-element_type=\"widget\" data-widget_type=\"text-editor.default\">\n\t\t\t\t<div class=\"elementor-widget-container\">\n\t\t\t\t\t\t\t\t\t<p>Vizyonumuz, e\u015fsiz konuk deneyimleri sunmak ve T\u00fcrk misafirperverli\u011finin ger\u00e7ek \u00f6z\u00fcn\u00fc somutla\u015ft\u0131rmakla tan\u0131nan, misafirperverlik sekt\u00f6r\u00fcnde lider bir isim olmakt\u0131r. Seda Holiday, Alanya&#039;da dinlenme, l\u00fcks ve macera arayan gezginler i\u00e7in ilk tercih olmay\u0131 hedeflerken, beklentileri a\u015fmak ve g\u00fcvenilir ve de\u011fer verilen bir destinasyon olarak itibar\u0131m\u0131z\u0131 s\u00fcrd\u00fcrmek i\u00e7in s\u00fcrekli olarak yenilik yapmay\u0131 hedeflemektedir.<\/p><h4>\u00a0<\/h4>\t\t\t\t\t\t\t\t<\/div>\n\t\t\t\t<\/div>\n\t\t\t\t<\/div>\n\t\t\t\t\t<\/div>\n\t\t\t\t<\/div>\n\t\t<div class=\"elementor-element elementor-element-a408acf e-flex e-con-boxed e-con e-parent\" data-id=\"a408acf\" data-element_type=\"container\" data-settings=\"{&quot;shape_divider_top&quot;:&quot;split&quot;,&quot;shape_divider_bottom&quot;:&quot;split&quot;,&quot;jet_parallax_layout_list&quot;:[]}\">\n\t\t\t\t\t<div class=\"e-con-inner\">\n\t\t\t\t<div class=\"elementor-shape elementor-shape-top\" data-negative=\"false\">\n\t\t\t<svg xmlns=\"http:\/\/www.w3.org\/2000\/svg\" viewbox=\"0 0 1000 20\" preserveaspectratio=\"none\">\n\t<path class=\"elementor-shape-fill\" d=\"M0,0v3c0,0,393.8,0,483.4,0c9.2,0,16.6,7.4,16.6,16.6c0-9.1,7.4-16.6,16.6-16.6C606.2,3,1000,3,1000,3V0H0z\"\/>\n<\/svg>\t\t<\/div>\n\t\t\t\t<div class=\"elementor-shape elementor-shape-bottom\" data-negative=\"false\">\n\t\t\t<svg xmlns=\"http:\/\/www.w3.org\/2000\/svg\" viewbox=\"0 0 1000 20\" preserveaspectratio=\"none\">\n\t<path class=\"elementor-shape-fill\" d=\"M0,0v3c0,0,393.8,0,483.4,0c9.2,0,16.6,7.4,16.6,16.6c0-9.1,7.4-16.6,16.6-16.6C606.2,3,1000,3,1000,3V0H0z\"\/>\n<\/svg>\t\t<\/div>\n\t\t<div class=\"elementor-element elementor-element-dbc0fe0 e-con-full e-flex elementor-invisible e-con e-child\" data-id=\"dbc0fe0\" data-element_type=\"container\" data-settings=\"{&quot;jet_parallax_layout_list&quot;:[],&quot;animation&quot;:&quot;fadeInUp&quot;}\">\n\t\t\t\t<div class=\"elementor-element elementor-element-7d2fee0 elementor-arrows-position-inside elementor-widget elementor-widget-image-carousel\" data-id=\"7d2fee0\" data-element_type=\"widget\" data-settings=\"{&quot;slides_to_show&quot;:&quot;1&quot;,&quot;navigation&quot;:&quot;arrows&quot;,&quot;autoplay&quot;:&quot;yes&quot;,&quot;pause_on_hover&quot;:&quot;yes&quot;,&quot;pause_on_interaction&quot;:&quot;yes&quot;,&quot;autoplay_speed&quot;:5000,&quot;infinite&quot;:&quot;yes&quot;,&quot;effect&quot;:&quot;slide&quot;,&quot;speed&quot;:500}\" data-widget_type=\"image-carousel.default\">\n\t\t\t\t<div class=\"elementor-widget-container\">\n\t\t\t\t\t\t\t<div class=\"elementor-image-carousel-wrapper swiper\" role=\"region\" aria-roledescription=\"carousel\" aria-label=\"Resim D\u00f6ng\u00fcs\u00fc\" dir=\"ltr\">\n\t\t\t<div class=\"elementor-image-carousel swiper-wrapper\" aria-live=\"off\">\n\t\t\t\t\t\t\t\t<div class=\"swiper-slide\" role=\"group\" aria-roledescription=\"slide\" aria-label=\"1 \/ 16\"><figure class=\"swiper-slide-inner\"><img decoding=\"async\" class=\"swiper-slide-image\" src=\"https:\/\/sedaholiday.com\/wp-content\/uploads\/2025\/01\/DJI_0011-1.png\" alt=\"DJI_0011\" \/><\/figure><\/div><div class=\"swiper-slide\" role=\"group\" aria-roledescription=\"slide\" aria-label=\"2 \/ 16\"><figure class=\"swiper-slide-inner\"><img decoding=\"async\" class=\"swiper-slide-image\" src=\"https:\/\/sedaholiday.com\/wp-content\/uploads\/2025\/01\/DJI_0019-1.png\" alt=\"DJI_0019\" \/><\/figure><\/div><div class=\"swiper-slide\" role=\"group\" aria-roledescription=\"slide\" aria-label=\"3 \/ 16\"><figure class=\"swiper-slide-inner\"><img decoding=\"async\" class=\"swiper-slide-image\" src=\"https:\/\/sedaholiday.com\/wp-content\/uploads\/2025\/01\/DJI_0026-1.png\" alt=\"DJI_0026\" \/><\/figure><\/div><div class=\"swiper-slide\" role=\"group\" aria-roledescription=\"slide\" aria-label=\"4 \/ 16\"><figure class=\"swiper-slide-inner\"><img decoding=\"async\" class=\"swiper-slide-image\" src=\"https:\/\/sedaholiday.com\/wp-content\/uploads\/2025\/01\/DJI_0027-1.png\" alt=\"DJI_0027\" \/><\/figure><\/div><div class=\"swiper-slide\" role=\"group\" aria-roledescription=\"slide\" aria-label=\"5 \/ 16\"><figure class=\"swiper-slide-inner\"><img decoding=\"async\" class=\"swiper-slide-image\" src=\"https:\/\/sedaholiday.com\/wp-content\/uploads\/2025\/01\/DJI_0033-1.png\" alt=\"DJI_0033\" \/><\/figure><\/div><div class=\"swiper-slide\" role=\"group\" aria-roledescription=\"slide\" aria-label=\"6 \/ 16\"><figure class=\"swiper-slide-inner\"><img decoding=\"async\" class=\"swiper-slide-image\" src=\"https:\/\/sedaholiday.com\/wp-content\/uploads\/2025\/01\/DSCF6462_1-1.png\" alt=\"DSCF6462_1\" \/><\/figure><\/div><div class=\"swiper-slide\" role=\"group\" aria-roledescription=\"slide\" aria-label=\"7 \/ 16\"><figure class=\"swiper-slide-inner\"><img decoding=\"async\" class=\"swiper-slide-image\" src=\"https:\/\/sedaholiday.com\/wp-content\/uploads\/2025\/01\/DSCF6490_1-1.png\" alt=\"DSCF6490_1\" \/><\/figure><\/div><div class=\"swiper-slide\" role=\"group\" aria-roledescription=\"slide\" aria-label=\"8 \/ 16\"><figure class=\"swiper-slide-inner\"><img decoding=\"async\" class=\"swiper-slide-image\" src=\"https:\/\/sedaholiday.com\/wp-content\/uploads\/2025\/01\/DJI_0036-1.png\" alt=\"DJI_0036\" \/><\/figure><\/div><div class=\"swiper-slide\" role=\"group\" aria-roledescription=\"slide\" aria-label=\"9 \/ 16\"><figure class=\"swiper-slide-inner\"><img decoding=\"async\" class=\"swiper-slide-image\" src=\"https:\/\/sedaholiday.com\/wp-content\/uploads\/2025\/01\/DSCF6607_1-1.png\" alt=\"DSCF6607_1\" \/><\/figure><\/div><div class=\"swiper-slide\" role=\"group\" aria-roledescription=\"slide\" aria-label=\"10 \/ 16\"><figure class=\"swiper-slide-inner\"><img decoding=\"async\" class=\"swiper-slide-image\" src=\"https:\/\/sedaholiday.com\/wp-content\/uploads\/2025\/01\/DSCF6599_1-1.png\" alt=\"DSCF6599_1\" \/><\/figure><\/div><div class=\"swiper-slide\" role=\"group\" aria-roledescription=\"slide\" aria-label=\"11 \/ 16\"><figure class=\"swiper-slide-inner\"><img decoding=\"async\" class=\"swiper-slide-image\" src=\"https:\/\/sedaholiday.com\/wp-content\/uploads\/2025\/01\/DSCF6573_1-1.png\" alt=\"DSCF6573_1\" \/><\/figure><\/div><div class=\"swiper-slide\" role=\"group\" aria-roledescription=\"slide\" aria-label=\"12 \/ 16\"><figure class=\"swiper-slide-inner\"><img decoding=\"async\" class=\"swiper-slide-image\" src=\"https:\/\/sedaholiday.com\/wp-content\/uploads\/2025\/01\/DSCF6571_1-1.png\" alt=\"DSCF6571_1\" \/><\/figure><\/div><div class=\"swiper-slide\" role=\"group\" aria-roledescription=\"slide\" aria-label=\"13 \/ 16\"><figure class=\"swiper-slide-inner\"><img decoding=\"async\" class=\"swiper-slide-image\" src=\"https:\/\/sedaholiday.com\/wp-content\/uploads\/2025\/01\/DSCF6566_1-1.png\" alt=\"DSCF6566_1\" \/><\/figure><\/div><div class=\"swiper-slide\" role=\"group\" aria-roledescription=\"slide\" aria-label=\"14 \/ 16\"><figure class=\"swiper-slide-inner\"><img decoding=\"async\" class=\"swiper-slide-image\" src=\"https:\/\/sedaholiday.com\/wp-content\/uploads\/2025\/01\/DSCF6558_1-1.png\" alt=\"DSCF6558_1\" \/><\/figure><\/div><div class=\"swiper-slide\" role=\"group\" aria-roledescription=\"slide\" aria-label=\"15 \/ 16\"><figure class=\"swiper-slide-inner\"><img decoding=\"async\" class=\"swiper-slide-image\" src=\"https:\/\/sedaholiday.com\/wp-content\/uploads\/2025\/01\/DSCF6553_1-1.png\" alt=\"DSCF6553_1\" \/><\/figure><\/div><div class=\"swiper-slide\" role=\"group\" aria-roledescription=\"slide\" aria-label=\"16 \/ 16\"><figure class=\"swiper-slide-inner\"><img decoding=\"async\" class=\"swiper-slide-image\" src=\"https:\/\/sedaholiday.com\/wp-content\/uploads\/2025\/01\/DSCF6537_1-1.png\" alt=\"DSCF6537_1\" \/><\/figure><\/div>\t\t\t<\/div>\n\t\t\t\t\t\t\t\t\t\t\t\t<div class=\"elementor-swiper-button elementor-swiper-button-prev\" role=\"button\" tabindex=\"0\">\n\t\t\t\t\t\t<svg aria-hidden=\"true\" class=\"e-font-icon-svg e-eicon-chevron-left\" viewbox=\"0 0 1000 1000\" xmlns=\"http:\/\/www.w3.org\/2000\/svg\"><path d=\"M646 125C629 125 613 133 604 142L308 442C296 454 292 471 292 487 292 504 296 521 308 533L604 854C617 867 629 875 646 875 663 875 679 871 692 858 704 846 713 829 713 812 713 796 708 779 692 767L438 487 692 225C700 217 708 204 708 187 708 171 704 154 692 142 675 129 663 125 646 125Z\"><\/path><\/svg>\t\t\t\t\t<\/div>\n\t\t\t\t\t<div class=\"elementor-swiper-button elementor-swiper-button-next\" role=\"button\" tabindex=\"0\">\n\t\t\t\t\t\t<svg aria-hidden=\"true\" class=\"e-font-icon-svg e-eicon-chevron-right\" viewbox=\"0 0 1000 1000\" xmlns=\"http:\/\/www.w3.org\/2000\/svg\"><path d=\"M696 533C708 521 713 504 713 487 713 471 708 454 696 446L400 146C388 133 375 125 354 125 338 125 325 129 313 142 300 154 292 171 292 187 292 204 296 221 308 233L563 492 304 771C292 783 288 800 288 817 288 833 296 850 308 863 321 871 338 875 354 875 371 875 388 867 400 854L696 533Z\"><\/path><\/svg>\t\t\t\t\t<\/div>\n\t\t\t\t\n\t\t\t\t\t\t\t\t\t<\/div>\n\t\t\t\t\t\t<\/div>\n\t\t\t\t<\/div>\n\t\t\t\t<\/div>\n\t\t<div class=\"elementor-element elementor-element-d8dfd4f e-con-full e-flex elementor-invisible e-con e-child\" data-id=\"d8dfd4f\" data-element_type=\"container\" data-settings=\"{&quot;jet_parallax_layout_list&quot;:[],&quot;animation&quot;:&quot;fadeInUp&quot;}\">\n\t\t\t\t<div class=\"elementor-element elementor-element-5f9c0bf elementor-widget elementor-widget-heading\" data-id=\"5f9c0bf\" data-element_type=\"widget\" data-widget_type=\"heading.default\">\n\t\t\t\t<div class=\"elementor-widget-container\">\n\t\t\t\t\t<h2 class=\"elementor-heading-title elementor-size-default\">Neden Seda Holiday&#039;i Se\u00e7melisiniz?<\/h2>\t\t\t\t<\/div>\n\t\t\t\t<\/div>\n\t\t\t\t<div class=\"elementor-element elementor-element-9bdd063 elementor-widget elementor-widget-text-editor\" data-id=\"9bdd063\" data-element_type=\"widget\" data-widget_type=\"text-editor.default\">\n\t\t\t\t<div class=\"elementor-widget-container\">\n\t\t\t\t\t\t\t\t\t<ul><li><strong>Alanya&#039;da Birinci S\u0131n\u0131f Konum<\/strong>:Alanya&#039;n\u0131n \u00fcnl\u00fc Kleopatra Plaj\u0131&#039;na, simgesel Alanya Kalesi&#039;ne ve canl\u0131 al\u0131\u015fveri\u015f b\u00f6lgelerine kolay eri\u015fimin tad\u0131n\u0131 \u00e7\u0131kar\u0131n.<\/li><li><strong>L\u00fcks Olanaklar<\/strong>:Tesislerimizde son teknoloji \u00fcr\u00fcn\u00fc bir spa, serinletici bir y\u00fczme havuzu ve \u00e7e\u015fitli T\u00fcrk ve d\u00fcnya mutfaklar\u0131ndan lezzetler sunan se\u00e7kin bir restoran bulunmaktad\u0131r.<\/li><li><strong>Ola\u011fan\u00fcst\u00fc Hizmet<\/strong>: Profesyonel ekibimiz, konaklaman\u0131z\u0131n kusursuz, konforlu ve unutulmaz olmas\u0131n\u0131 sa\u011flamaya kendini adam\u0131\u015ft\u0131r.<\/li><\/ul><p>Seda Holiday&#039;de, konuklar\u0131m\u0131z i\u00e7in evden uzakta bir ev yaratmakla gurur duyuyoruz. S\u00fcrd\u00fcr\u00fclebilirli\u011fe ve T\u00fcrk misafirperverli\u011fine odaklanarak, benzersiz ve unutulmaz bir tatil deneyimi sunmay\u0131 hedefliyoruz.<\/p>\t\t\t\t\t\t\t\t<\/div>\n\t\t\t\t<\/div>\n\t\t\t\t<\/div>\n\t\t\t\t\t<\/div>\n\t\t\t\t<\/div>\n\t\t\t\t<\/div>","protected":false},"excerpt":{"rendered":"<p>Hakk\u0131m\u0131zda Biz Kimiz Alanya&#039;n\u0131n kalbinde yer alan Seda Holiday, unutulmaz bir tatil deneyimi arayan gezginlere konfor, l\u00fcks ve rahatl\u0131\u011f\u0131n m\u00fckemmel bir kar\u0131\u015f\u0131m\u0131n\u0131 sunuyor. T\u00fcrkiye&#039;nin en sevilen sahil beldelerinden birinde bulunan Seda Holiday, konuklar\u0131na muhte\u015fem Akdeniz manzaralar\u0131n\u0131n, d\u00fcnya standartlar\u0131nda olanaklar\u0131n ve ola\u011fan\u00fcst\u00fc hizmetin keyfini \u00e7\u0131karmalar\u0131n\u0131 sa\u011fl\u0131yor. Otelimiz [\u2026]<\/p>","protected":false},"author":1,"featured_media":0,"parent":0,"menu_order":0,"comment_status":"closed","ping_status":"closed","template":"elementor_header_footer","meta":{"_acf_changed":false,"footnotes":""},"class_list":["post-1166","page","type-page","status-publish","hentry"],"acf":[],"yoast_head":"<!-- This site is optimized with the Yoast SEO plugin v24.2 - https:\/\/yoast.com\/wordpress\/plugins\/seo\/ -->\n<title>About Us - Seda Holiday | Alanya Hotel<\/title>\n<meta name=\"robots\" content=\"index, follow, max-snippet:-1, max-image-preview:large, max-video-preview:-1\" \/>\n<link rel=\"canonical\" href=\"https:\/\/sedaholiday.com\/tr\/wp-json\/wp\/v2\/pages\/1166\" \/>\n<meta property=\"og:locale\" content=\"tr_TR\" \/>\n<meta property=\"og:type\" content=\"article\" \/>\n<meta property=\"og:title\" content=\"About Us - Seda Holiday | Alanya Hotel\" \/>\n<meta property=\"og:description\" content=\"About Us Who We Are Nestled in the heart of Alanya, Seda Holiday offers the perfect blend of comfort, luxury, and convenience for travelers seeking an unforgettable vacation experience. Located in one of Turkey&#8217;s most beloved coastal destinations, Seda Holiday ensures its guests enjoy stunning Mediterranean views, world-class amenities, and exceptional service. Our hotel is [&hellip;]\" \/>\n<meta property=\"og:url\" content=\"https:\/\/sedaholiday.com\/tr\/about-us\/\" \/>\n<meta property=\"og:site_name\" content=\"Seda Holiday | Alanya Hotel\" \/>\n<meta property=\"article:modified_time\" content=\"2025-02-12T16:04:29+00:00\" \/>\n<meta property=\"og:image\" content=\"https:\/\/sedaholiday.com\/wp-content\/uploads\/2019\/11\/Seda-Holiday-Logo.png\" \/>\n\t<meta property=\"og:image:width\" content=\"747\" \/>\n\t<meta property=\"og:image:height\" content=\"542\" \/>\n\t<meta property=\"og:image:type\" content=\"image\/png\" \/>\n<meta name=\"twitter:card\" content=\"summary_large_image\" \/>\n<meta name=\"twitter:label1\" content=\"Tahmini okuma s\u00fcresi\" \/>\n\t<meta name=\"twitter:data1\" content=\"6 dakika\" \/>\n<script type=\"application\/ld+json\" class=\"yoast-schema-graph\">{\"@context\":\"https:\/\/schema.org\",\"@graph\":[{\"@type\":\"WebPage\",\"@id\":\"https:\/\/sedaholiday.com\/about-us\/\",\"url\":\"https:\/\/sedaholiday.com\/about-us\/\",\"name\":\"About Us - Seda Holiday | Alanya Hotel\",\"isPartOf\":{\"@id\":\"https:\/\/sedaholiday.com\/#website\"},\"primaryImageOfPage\":{\"@id\":\"https:\/\/sedaholiday.com\/about-us\/#primaryimage\"},\"image\":{\"@id\":\"https:\/\/sedaholiday.com\/about-us\/#primaryimage\"},\"thumbnailUrl\":\"https:\/\/sedaholiday.com\/wp-content\/uploads\/2019\/11\/Seda-Holiday-Logo.png\",\"datePublished\":\"2025-01-16T20:16:26+00:00\",\"dateModified\":\"2025-02-12T16:04:29+00:00\",\"breadcrumb\":{\"@id\":\"https:\/\/sedaholiday.com\/about-us\/#breadcrumb\"},\"inLanguage\":\"tr\",\"potentialAction\":[{\"@type\":\"ReadAction\",\"target\":[\"https:\/\/sedaholiday.com\/about-us\/\"]}]},{\"@type\":\"ImageObject\",\"inLanguage\":\"tr\",\"@id\":\"https:\/\/sedaholiday.com\/about-us\/#primaryimage\",\"url\":\"https:\/\/sedaholiday.com\/wp-content\/uploads\/2019\/11\/Seda-Holiday-Logo.png\",\"contentUrl\":\"https:\/\/sedaholiday.com\/wp-content\/uploads\/2019\/11\/Seda-Holiday-Logo.png\"},{\"@type\":\"BreadcrumbList\",\"@id\":\"https:\/\/sedaholiday.com\/about-us\/#breadcrumb\",\"itemListElement\":[{\"@type\":\"ListItem\",\"position\":1,\"name\":\"Anasayfa\",\"item\":\"https:\/\/sedaholiday.com\/\"},{\"@type\":\"ListItem\",\"position\":2,\"name\":\"About Us\"}]},{\"@type\":\"WebSite\",\"@id\":\"https:\/\/sedaholiday.com\/#website\",\"url\":\"https:\/\/sedaholiday.com\/\",\"name\":\"Seda Holiday | Alanya Hotel\",\"description\":\"Seda Holiday | Alanya Hotel\",\"potentialAction\":[{\"@type\":\"SearchAction\",\"target\":{\"@type\":\"EntryPoint\",\"urlTemplate\":\"https:\/\/sedaholiday.com\/?s={search_term_string}\"},\"query-input\":{\"@type\":\"PropertyValueSpecification\",\"valueRequired\":true,\"valueName\":\"search_term_string\"}}],\"inLanguage\":\"tr\"}]}<\/script>\n<!-- \/ Yoast SEO plugin. -->","yoast_head_json":{"title":"About Us - Seda Holiday | Alanya Hotel","robots":{"index":"index","follow":"follow","max-snippet":"max-snippet:-1","max-image-preview":"max-image-preview:large","max-video-preview":"max-video-preview:-1"},"canonical":"https:\/\/sedaholiday.com\/tr\/wp-json\/wp\/v2\/pages\/1166","og_locale":"tr_TR","og_type":"article","og_title":"About Us - Seda Holiday | Alanya Hotel","og_description":"About Us Who We Are Nestled in the heart of Alanya, Seda Holiday offers the perfect blend of comfort, luxury, and convenience for travelers seeking an unforgettable vacation experience. Located in one of Turkey&#8217;s most beloved coastal destinations, Seda Holiday ensures its guests enjoy stunning Mediterranean views, world-class amenities, and exceptional service. Our hotel is [&hellip;]","og_url":"https:\/\/sedaholiday.com\/tr\/about-us\/","og_site_name":"Seda Holiday | Alanya Hotel","article_modified_time":"2025-02-12T16:04:29+00:00","og_image":[{"width":747,"height":542,"url":"https:\/\/sedaholiday.com\/wp-content\/uploads\/2019\/11\/Seda-Holiday-Logo.png","type":"image\/png"}],"twitter_card":"summary_large_image","twitter_misc":{"Tahmini okuma s\u00fcresi":"6 dakika"},"schema":{"@context":"https:\/\/schema.org","@graph":[{"@type":"WebPage","@id":"https:\/\/sedaholiday.com\/about-us\/","url":"https:\/\/sedaholiday.com\/about-us\/","name":"About Us - Seda Holiday | Alanya Hotel","isPartOf":{"@id":"https:\/\/sedaholiday.com\/#website"},"primaryImageOfPage":{"@id":"https:\/\/sedaholiday.com\/about-us\/#primaryimage"},"image":{"@id":"https:\/\/sedaholiday.com\/about-us\/#primaryimage"},"thumbnailUrl":"https:\/\/sedaholiday.com\/wp-content\/uploads\/2019\/11\/Seda-Holiday-Logo.png","datePublished":"2025-01-16T20:16:26+00:00","dateModified":"2025-02-12T16:04:29+00:00","breadcrumb":{"@id":"https:\/\/sedaholiday.com\/about-us\/#breadcrumb"},"inLanguage":"tr","potentialAction":[{"@type":"ReadAction","target":["https:\/\/sedaholiday.com\/about-us\/"]}]},{"@type":"ImageObject","inLanguage":"tr","@id":"https:\/\/sedaholiday.com\/about-us\/#primaryimage","url":"https:\/\/sedaholiday.com\/wp-content\/uploads\/2019\/11\/Seda-Holiday-Logo.png","contentUrl":"https:\/\/sedaholiday.com\/wp-content\/uploads\/2019\/11\/Seda-Holiday-Logo.png"},{"@type":"BreadcrumbList","@id":"https:\/\/sedaholiday.com\/about-us\/#breadcrumb","itemListElement":[{"@type":"ListItem","position":1,"name":"Anasayfa","item":"https:\/\/sedaholiday.com\/"},{"@type":"ListItem","position":2,"name":"About Us"}]},{"@type":"WebSite","@id":"https:\/\/sedaholiday.com\/#website","url":"https:\/\/sedaholiday.com\/","name":"Seda Holiday | Alanya Hotel","description":"Seda Holiday | Alanya Hotel","potentialAction":[{"@type":"SearchAction","target":{"@type":"EntryPoint","urlTemplate":"https:\/\/sedaholiday.com\/?s={search_term_string}"},"query-input":{"@type":"PropertyValueSpecification","valueRequired":true,"valueName":"search_term_string"}}],"inLanguage":"tr"}]}},"_links":{"self":[{"href":"https:\/\/sedaholiday.com\/tr\/wp-json\/wp\/v2\/pages\/1166","targetHints":{"allow":["GET"]}}],"collection":[{"href":"https:\/\/sedaholiday.com\/tr\/wp-json\/wp\/v2\/pages"}],"about":[{"href":"https:\/\/sedaholiday.com\/tr\/wp-json\/wp\/v2\/types\/page"}],"author":[{"embeddable":true,"href":"https:\/\/sedaholiday.com\/tr\/wp-json\/wp\/v2\/users\/1"}],"replies":[{"embeddable":true,"href":"https:\/\/sedaholiday.com\/tr\/wp-json\/wp\/v2\/comments?post=1166"}],"version-history":[{"count":7,"href":"https:\/\/sedaholiday.com\/tr\/wp-json\/wp\/v2\/pages\/1166\/revisions"}],"predecessor-version":[{"id":1440,"href":"https:\/\/sedaholiday.com\/tr\/wp-json\/wp\/v2\/pages\/1166\/revisions\/1440"}],"wp:attachment":[{"href":"https:\/\/sedaholiday.com\/tr\/wp-json\/wp\/v2\/media?parent=1166"}],"curies":[{"name":"wp","href":"https:\/\/api.w.org\/{rel}","templated":true}]}}