{"id":1228,"date":"2025-01-16T23:57:34","date_gmt":"2025-01-16T20:57:34","guid":{"rendered":"https:\/\/sedaholiday.com\/?page_id=1228"},"modified":"2025-01-17T00:00:09","modified_gmt":"2025-01-16T21:00:09","slug":"privace-policy","status":"publish","type":"page","link":"https:\/\/sedaholiday.com\/tr\/privace-policy\/","title":{"rendered":"Gizlilik Politikas\u0131"},"content":{"rendered":"<div data-elementor-type=\"wp-page\" data-elementor-id=\"1228\" class=\"elementor elementor-1228\">\n\t\t\t\t<div class=\"elementor-element elementor-element-9958a3e e-flex e-con-boxed e-con e-parent\" data-id=\"9958a3e\" data-element_type=\"container\" data-settings=\"{&quot;background_background&quot;:&quot;classic&quot;,&quot;jet_parallax_layout_list&quot;:[]}\">\n\t\t\t\t\t<div class=\"e-con-inner\">\n\t\t\t\t<div class=\"elementor-element elementor-element-9d357f5 elementor-widget elementor-widget-heading\" data-id=\"9d357f5\" data-element_type=\"widget\" data-widget_type=\"heading.default\">\n\t\t\t\t<div class=\"elementor-widget-container\">\n\t\t\t\t\t<h2 class=\"elementor-heading-title elementor-size-default\">Gizlilik Politikas\u0131<\/h2>\t\t\t\t<\/div>\n\t\t\t\t<\/div>\n\t\t\t\t\t<\/div>\n\t\t\t\t<\/div>\n\t\t<div class=\"elementor-element elementor-element-c5bcefe e-flex e-con-boxed e-con e-parent\" data-id=\"c5bcefe\" data-element_type=\"container\" data-settings=\"{&quot;jet_parallax_layout_list&quot;:[]}\">\n\t\t\t\t\t<div class=\"e-con-inner\">\n\t\t<div class=\"elementor-element elementor-element-796e302 e-con-full e-flex elementor-invisible e-con e-child\" data-id=\"796e302\" data-element_type=\"container\" data-settings=\"{&quot;jet_parallax_layout_list&quot;:[],&quot;animation&quot;:&quot;fadeInUp&quot;}\">\n\t\t\t\t<div class=\"elementor-element elementor-element-074d8b7 elementor-widget elementor-widget-heading\" data-id=\"074d8b7\" data-element_type=\"widget\" data-widget_type=\"heading.default\">\n\t\t\t\t<div class=\"elementor-widget-container\">\n\t\t\t\t\t<h2 class=\"elementor-heading-title elementor-size-default\">Gizlilik Politikas\u0131<\/h2>\t\t\t\t<\/div>\n\t\t\t\t<\/div>\n\t\t\t\t<div class=\"elementor-element elementor-element-64bba63 elementor-widget elementor-widget-text-editor\" data-id=\"64bba63\" data-element_type=\"widget\" data-widget_type=\"text-editor.default\">\n\t\t\t\t<div class=\"elementor-widget-container\">\n\t\t\t\t\t\t\t\t\t<p>Seda Holiday&#039;de, misafirlerimizin, \u00e7al\u0131\u015fanlar\u0131m\u0131z\u0131n ve i\u015f ortaklar\u0131m\u0131z\u0131n gizlili\u011fini ve ki\u015fisel verilerini korumaya derinden ba\u011fl\u0131y\u0131z. Bu Gizlilik Politikas\u0131, otelimiz, web sitemiz veya hizmetlerimizle etkile\u015fim kurdu\u011funuzda ki\u015fisel bilgilerinizi nas\u0131l toplad\u0131\u011f\u0131m\u0131z\u0131, kulland\u0131\u011f\u0131m\u0131z\u0131, if\u015fa etti\u011fimizi ve korudu\u011fumuzu ana hatlar\u0131yla belirtir. Hizmetlerimize eri\u015ferek, bu Gizlilik Politikas\u0131nda a\u00e7\u0131klanan uygulamalar\u0131 kabul etmi\u015f olursunuz.<\/p><hr \/><h3><strong>1. Gizlilik Politikas\u0131n\u0131n Kapsam\u0131<\/strong><\/h3><p>Bu Gizlilik Politikas\u0131 \u015funlar i\u00e7in ge\u00e7erlidir:<\/p><ul><li>Rezervasyon, giri\u015f\/\u00e7\u0131k\u0131\u015f i\u015flemleri ve personelimizle etkile\u015fimleriniz s\u0131ras\u0131nda toplanan ki\u015fisel veriler.<\/li><li>Web sitemiz, mobil uygulamalar\u0131m\u0131z ve \u00fc\u00e7\u00fcnc\u00fc taraf rezervasyon platformlar\u0131 arac\u0131l\u0131\u011f\u0131yla elde edilen veriler.<\/li><li>Pazarlama kampanyalar\u0131, anketler ve sadakat programlar\u0131 s\u0131ras\u0131nda payla\u015f\u0131lan bilgiler.<\/li><\/ul><hr \/><h3><strong>2. Toplad\u0131\u011f\u0131m\u0131z Bilgiler<\/strong><\/h3><p>A\u015fa\u011f\u0131daki ki\u015fisel veri kategorilerini topluyor ve i\u015fliyoruz:<\/p><ul><li><strong>Kimlik Bilgileri:<\/strong> Tam ad\u0131n\u0131z, do\u011fum tarihiniz, uyru\u011funuz, pasaport\/kimlik numaran\u0131z.<\/li><li><strong>\u0130leti\u015fim Bilgileri:<\/strong> E-posta adresi, telefon numaras\u0131, posta adresi.<\/li><li><strong>Rezervasyon Detaylar\u0131:<\/strong> Rezervasyon ge\u00e7mi\u015finiz, oda tercihleriniz, \u00f6zel istekleriniz.<\/li><li><strong>\u00d6deme Bilgileri:<\/strong> Kredi kart\u0131 numaralar\u0131, fatura adresleri ve i\u015flem verileri.<\/li><li><strong>Teknik Bilgiler:<\/strong> \u00c7erezler ve benzeri teknolojiler arac\u0131l\u0131\u011f\u0131yla toplanan IP adresi, taray\u0131c\u0131 t\u00fcr\u00fc, i\u015fletim sistemi ve kullan\u0131m verileri.<\/li><li><strong>Sa\u011fl\u0131k ve Eri\u015filebilirlik Bilgileri:<\/strong> E\u011fer varsa, konaklaman\u0131z\u0131 daha keyifli hale getirmek i\u00e7in diyet k\u0131s\u0131tlamalar\u0131n\u0131z, alerjileriniz veya hareketlilik gereksinimleriniz hakk\u0131nda bilgiler.<\/li><\/ul><hr \/><h3><strong>3. Bilgilerinizi Nas\u0131l Kullan\u0131yoruz<\/strong><\/h3><p>Ki\u015fisel verilerinizi a\u015fa\u011f\u0131daki ama\u00e7lar do\u011frultusunda i\u015fliyoruz:<\/p><ul><li><strong>Otel Hizmetleri:<\/strong> Rezervasyonlar\u0131 y\u00f6netmek, \u00f6demeleri i\u015flemek ve ki\u015fiselle\u015ftirilmi\u015f konuk deneyimleri sunmak.<\/li><li><strong>\u0130leti\u015fim:<\/strong> Rezervasyon onaylar\u0131n\u0131 g\u00f6ndermek, sorulara yan\u0131t vermek ve hizmetlerimizle ilgili g\u00fcncellemeler sa\u011flamak.<\/li><li><strong>Pazarlama:<\/strong> \u00d6zel teklifleri, promosyonlar\u0131 ve g\u00fcncellemeleri payla\u015fmak (sadece sizin a\u00e7\u0131k izninizle).<\/li><li><strong>Yasal Uyumluluk:<\/strong> Misafir kay\u0131tlar\u0131n\u0131 tutmak ve yerel makamlara raporlama yapmak gibi T\u00fcrk yasalar\u0131na g\u00f6re y\u00fck\u00fcml\u00fcl\u00fcklerimizi yerine getirmek.<\/li><li><strong>Operasyonel \u0130yile\u015ftirme:<\/strong> Misafir geri bildirimlerini analiz etmek ve hizmetlerimizi, web sitemizi ve operasyonlar\u0131m\u0131z\u0131 optimize etmek.<\/li><\/ul><hr \/><h3><strong>4. Verilerin \u0130\u015flenmesinin Hukuki Dayana\u011f\u0131<\/strong><\/h3><p>Ki\u015fisel verilerinizi a\u015fa\u011f\u0131daki esaslara g\u00f6re i\u015fliyoruz:<\/p><ul><li><strong>Onay:<\/strong> Belirli ama\u00e7lar do\u011frultusunda g\u00f6n\u00fcll\u00fc olarak bilgi sa\u011flad\u0131\u011f\u0131n\u0131zda.<\/li><li><strong>S\u00f6zle\u015fmesel Gereklilik:<\/strong> Rezervasyonunuz veya konaklaman\u0131zla ilgili y\u00fck\u00fcml\u00fcl\u00fcklerinizi yerine getirmek.<\/li><li><strong>Yasal Y\u00fck\u00fcml\u00fcl\u00fckler:<\/strong> Misafirperverlik sekt\u00f6r\u00fcnde T\u00fcrkiye mevzuat\u0131na uyum.<\/li><li><strong>Me\u015fru \u00c7\u0131karlar:<\/strong> Hizmetlerimizi geli\u015ftirmek, operasyonlar\u0131m\u0131z\u0131 korumak ve g\u00fcvenli bir konuk deneyimi sa\u011flamak.<\/li><\/ul><hr \/><h3><strong>5. Bilgilerinizin Payla\u015f\u0131lmas\u0131<\/strong><\/h3><p>Seda Holiday verilerinizin gizlili\u011fine \u00f6nem verir ve yaln\u0131zca a\u015fa\u011f\u0131daki durumlarda payla\u015f\u0131r:<\/p><ul><li><strong>Hizmet Sa\u011flay\u0131c\u0131lar:<\/strong> \u00d6deme i\u015fleme, BT deste\u011fi veya m\u00fc\u015fteri ili\u015fkileri y\u00f6netimi i\u00e7in \u00fc\u00e7\u00fcnc\u00fc taraf sat\u0131c\u0131lar.<\/li><li><strong>Devlet Yetkilileri:<\/strong> Misafir bilgilerini kolluk kuvvetlerine veya vergi makamlar\u0131na sa\u011flamak gibi yasal y\u00fck\u00fcml\u00fcl\u00fcklere uymak.<\/li><li><strong>\u0130\u015f Ortaklar\u0131m\u0131z:<\/strong> Rezervasyonunuzda seyahat acenteleri veya rezervasyon platformlar\u0131n\u0131n da rol\u00fc var.<\/li><li><strong>Onay Temelli Payla\u015f\u0131m:<\/strong> \u00d6rne\u011fin, web sitemizde referanslar\u0131n\u0131z\u0131 veya geri bildirimlerinizi payla\u015fmak gibi a\u00e7\u0131k izninizle.<\/li><\/ul><p>Ki\u015fisel bilgilerinizi \u00fc\u00e7\u00fcnc\u00fc \u015fah\u0131slara satm\u0131yor, kiralam\u0131yor veya ticari ama\u00e7la kullanm\u0131yoruz.<\/p><hr \/><h3><strong>6. Veri G\u00fcvenli\u011fi<\/strong><\/h3><p>Verilerinizi yetkisiz eri\u015fime, kayba, de\u011fi\u015fikli\u011fe veya k\u00f6t\u00fcye kullan\u0131ma kar\u015f\u0131 korumak i\u00e7in sa\u011flam g\u00fcvenlik \u00f6nlemleri uyguluyoruz. Bu \u00f6nlemler \u015funlar\u0131 i\u00e7erir:<\/p><ul><li>Hassas bilgilerin iletim ve depolama s\u0131ras\u0131nda \u015fifrelenmesi.<\/li><li>Kredi kart\u0131 i\u015flemleri i\u00e7in g\u00fcvenli \u00f6deme a\u011f ge\u00e7itleri.<\/li><li>Sistemlerimizde d\u00fczenli g\u00fcvenlik denetimleri ve g\u00fcncellemeler yap\u0131yoruz.<\/li><li>Ki\u015fisel verilere eri\u015fim s\u0131n\u0131rl\u0131 olup, yaln\u0131zca yetkili personel taraf\u0131ndan eri\u015filebilir.<\/li><\/ul><hr \/><h3><strong>7. Veri Saklama<\/strong><\/h3><p>Ki\u015fisel verilerinizi yaln\u0131zca bu Gizlilik Politikas\u0131nda belirtilen ama\u00e7lar\u0131 yerine getirmek veya yasal y\u00fck\u00fcml\u00fcl\u00fcklere uymak i\u00e7in gerekli oldu\u011fu s\u00fcrece saklar\u0131z. Saklama s\u00fcresi sona erdi\u011finde, verileriniz g\u00fcvenli bir \u015fekilde silinecek veya anonimle\u015ftirilecektir.<\/p><hr \/><h3><strong>8. Haklar\u0131n\u0131z<\/strong><\/h3><p>6698 say\u0131l\u0131 Ki\u015fisel Verilerin Korunmas\u0131 Kanunu (KVKK) da dahil olmak \u00fczere y\u00fcr\u00fcrl\u00fckteki veri koruma yasalar\u0131 uyar\u0131nca a\u015fa\u011f\u0131daki haklara sahipsiniz:<\/p><ul><li><strong>Eri\u015fim:<\/strong> Hakk\u0131n\u0131zda tuttu\u011fumuz ki\u015fisel verilerin bir kopyas\u0131n\u0131 talep edin.<\/li><li><strong>D\u00fczeltme:<\/strong> Hatal\u0131 veya eksik bilgileri g\u00fcncelleyin.<\/li><li><strong>Silme:<\/strong> Yasal gerekliliklere tabi olarak ki\u015fisel verilerinizin silinmesini talep edebilirsiniz.<\/li><li><strong>K\u0131s\u0131tlama:<\/strong> Belirli durumlarda verilerinizin nas\u0131l i\u015flenece\u011fini s\u0131n\u0131rlay\u0131n.<\/li><li><strong>\u0130tiraz:<\/strong> Do\u011frudan pazarlama gibi belirli ama\u00e7larla verilerinizin i\u015flenmesine itiraz edebilirsiniz.<\/li><li><strong>Veri Ta\u015f\u0131nabilirli\u011fi:<\/strong> Verilerinizin makine taraf\u0131ndan okunabilir bir formatta bir kopyas\u0131n\u0131 talep edin.<\/li><\/ul><p>Haklar\u0131n\u0131z\u0131 kullanmak i\u00e7in l\u00fctfen bizimle ileti\u015fime ge\u00e7in: <strong>[<a href=\"mailto:info@sedaholiday.com\" rel=\"noopener\">info@sedaholiday.com<\/a>]<\/strong> veya Alanya&#039;daki merkezimize posta yoluyla g\u00f6nderebilirsiniz.<\/p><hr \/><h3><strong>9. \u00c7erezler ve \u0130zleme Teknolojileri<\/strong><\/h3><p>Web sitemiz, kullan\u0131c\u0131 deneyimini geli\u015ftirmek, web sitesi trafi\u011fini analiz etmek ve i\u00e7eri\u011fi ki\u015fiselle\u015ftirmek i\u00e7in \u00e7erezler ve benzer teknolojiler kullan\u0131r. Web sitemizi kullanarak, \u00c7erez Politikam\u0131zda belirtildi\u011fi \u015fekilde \u00e7erezlerin kullan\u0131m\u0131na onay vermi\u015f olursunuz.<\/p><ul><li><strong>Temel \u00c7erezler:<\/strong> Web sitesinin i\u015flevselli\u011fi i\u00e7in gereklidir.<\/li><li><strong>Performans \u00c7erezleri:<\/strong> Kullan\u0131c\u0131lar\u0131n siteyle nas\u0131l etkile\u015fim kurdu\u011funu anlamam\u0131za yard\u0131mc\u0131 olun.<\/li><li><strong>Pazarlama \u00c7erezleri:<\/strong> Hedeflenen reklamlar\u0131 iletmek i\u00e7in kullan\u0131l\u0131r.<\/li><\/ul><p>\u00c7erez tercihlerinizi taray\u0131c\u0131n\u0131z\u0131n ayarlar\u0131 \u00fczerinden y\u00f6netebilirsiniz.<\/p><hr \/><h3><strong>10. \u00dc\u00e7\u00fcnc\u00fc \u00dclkelere Veri Aktar\u0131m\u0131<\/strong><\/h3><p>Baz\u0131 durumlarda, ki\u015fisel verileriniz T\u00fcrkiye d\u0131\u015f\u0131nda bulunan hizmet sa\u011flay\u0131c\u0131lara veya ortaklara aktar\u0131labilir. Veri aktar\u0131m s\u00f6zle\u015fmeleri veya sertifikalar\u0131 gibi uygun g\u00fcvenlik \u00f6nlemlerini uygulayarak bu t\u00fcr aktar\u0131mlar\u0131n veri koruma yasalar\u0131na uymas\u0131n\u0131 sa\u011fl\u0131yoruz.<\/p><hr \/><h3><strong>11. Bu Gizlilik Politikas\u0131ndaki G\u00fcncellemeler<\/strong><\/h3><p>Seda Holiday, operasyonlar\u0131m\u0131zdaki veya yasal gerekliliklerdeki de\u011fi\u015fiklikleri yans\u0131tmak i\u00e7in bu Gizlilik Politikas\u0131n\u0131 periyodik olarak g\u00fcncelleme hakk\u0131n\u0131 sakl\u0131 tutar. Verilerinizi nas\u0131l korudu\u011fumuz hakk\u0131nda bilgi sahibi olmak i\u00e7in bu sayfay\u0131 d\u00fczenli olarak incelemenizi \u00f6neririz.<\/p><hr \/><h3><strong>12. \u0130leti\u015fim Bilgileri<\/strong><\/h3><p>Bu Gizlilik Politikas\u0131 veya veri uygulamalar\u0131m\u0131z hakk\u0131nda sorular\u0131n\u0131z veya endi\u015feleriniz varsa l\u00fctfen bizimle ileti\u015fime ge\u00e7in:<\/p><p><strong>Seda Tatil<\/strong><br \/>Alanya, T\u00fcrkiye<br \/>E-posta: <strong>[<a href=\"mailto:info@sedaholiday.com\" rel=\"noopener\">info@sedaholiday.com<\/a>]<\/strong><br \/>Telefon: <a href=\"tel: 905345478019\">+90 534 547 80 19<\/a><\/p>\t\t\t\t\t\t\t\t<\/div>\n\t\t\t\t<\/div>\n\t\t\t\t<\/div>\n\t\t\t\t\t<\/div>\n\t\t\t\t<\/div>\n\t\t\t\t<\/div>","protected":false},"excerpt":{"rendered":"<p>Gizlilik Politikas\u0131 Gizlilik Politikas\u0131 Seda Holiday&#039;de, misafirlerimizin, \u00e7al\u0131\u015fanlar\u0131m\u0131z\u0131n ve i\u015f ortaklar\u0131m\u0131z\u0131n gizlili\u011fini ve ki\u015fisel verilerini korumaya derinden ba\u011fl\u0131y\u0131z. Bu Gizlilik Politikas\u0131, otelimiz, web sitemiz veya hizmetlerimizle etkile\u015fim kurdu\u011funuzda ki\u015fisel bilgilerinizi nas\u0131l toplad\u0131\u011f\u0131m\u0131z\u0131, kulland\u0131\u011f\u0131m\u0131z\u0131, if\u015fa etti\u011fimizi ve korudu\u011fumuzu ana hatlar\u0131yla belirtir. Hizmetlerimize eri\u015ferek, [\u2026]<\/p>","protected":false},"author":1,"featured_media":0,"parent":0,"menu_order":0,"comment_status":"closed","ping_status":"closed","template":"elementor_header_footer","meta":{"_acf_changed":false,"footnotes":""},"class_list":["post-1228","page","type-page","status-publish","hentry"],"acf":[],"yoast_head":"<!-- This site is optimized with the Yoast SEO plugin v24.2 - https:\/\/yoast.com\/wordpress\/plugins\/seo\/ -->\n<title>Privace Policy - Seda Holiday | Alanya Hotel<\/title>\n<meta name=\"robots\" content=\"index, follow, max-snippet:-1, max-image-preview:large, max-video-preview:-1\" \/>\n<link rel=\"canonical\" href=\"https:\/\/sedaholiday.com\/tr\/wp-json\/wp\/v2\/pages\/1228\" \/>\n<meta property=\"og:locale\" content=\"tr_TR\" \/>\n<meta property=\"og:type\" content=\"article\" \/>\n<meta property=\"og:title\" content=\"Privace Policy - Seda Holiday | Alanya Hotel\" \/>\n<meta property=\"og:description\" content=\"Privace Policy Privace Policy At Seda Holiday, we are deeply committed to safeguarding the privacy and personal data of our guests, employees, and business partners. This Privacy Policy outlines how we collect, use, disclose, and protect your personal information when you interact with our hotel, website, or services. By accessing our services, you agree to [&hellip;]\" \/>\n<meta property=\"og:url\" content=\"https:\/\/sedaholiday.com\/tr\/privace-policy\/\" \/>\n<meta property=\"og:site_name\" content=\"Seda Holiday | Alanya Hotel\" \/>\n<meta property=\"article:modified_time\" content=\"2025-01-16T21:00:09+00:00\" \/>\n<meta name=\"twitter:card\" content=\"summary_large_image\" \/>\n<meta name=\"twitter:label1\" content=\"Tahmini okuma s\u00fcresi\" \/>\n\t<meta name=\"twitter:data1\" content=\"5 dakika\" \/>\n<script type=\"application\/ld+json\" class=\"yoast-schema-graph\">{\"@context\":\"https:\/\/schema.org\",\"@graph\":[{\"@type\":\"WebPage\",\"@id\":\"https:\/\/sedaholiday.com\/privace-policy\/\",\"url\":\"https:\/\/sedaholiday.com\/privace-policy\/\",\"name\":\"Privace Policy - Seda Holiday | Alanya Hotel\",\"isPartOf\":{\"@id\":\"https:\/\/sedaholiday.com\/#website\"},\"datePublished\":\"2025-01-16T20:57:34+00:00\",\"dateModified\":\"2025-01-16T21:00:09+00:00\",\"breadcrumb\":{\"@id\":\"https:\/\/sedaholiday.com\/privace-policy\/#breadcrumb\"},\"inLanguage\":\"tr\",\"potentialAction\":[{\"@type\":\"ReadAction\",\"target\":[\"https:\/\/sedaholiday.com\/privace-policy\/\"]}]},{\"@type\":\"BreadcrumbList\",\"@id\":\"https:\/\/sedaholiday.com\/privace-policy\/#breadcrumb\",\"itemListElement\":[{\"@type\":\"ListItem\",\"position\":1,\"name\":\"Anasayfa\",\"item\":\"https:\/\/sedaholiday.com\/\"},{\"@type\":\"ListItem\",\"position\":2,\"name\":\"Privace Policy\"}]},{\"@type\":\"WebSite\",\"@id\":\"https:\/\/sedaholiday.com\/#website\",\"url\":\"https:\/\/sedaholiday.com\/\",\"name\":\"Seda Holiday | Alanya Hotel\",\"description\":\"Seda Holiday | Alanya Hotel\",\"potentialAction\":[{\"@type\":\"SearchAction\",\"target\":{\"@type\":\"EntryPoint\",\"urlTemplate\":\"https:\/\/sedaholiday.com\/?s={search_term_string}\"},\"query-input\":{\"@type\":\"PropertyValueSpecification\",\"valueRequired\":true,\"valueName\":\"search_term_string\"}}],\"inLanguage\":\"tr\"}]}<\/script>\n<!-- \/ Yoast SEO plugin. -->","yoast_head_json":{"title":"Privace Policy - Seda Holiday | Alanya Hotel","robots":{"index":"index","follow":"follow","max-snippet":"max-snippet:-1","max-image-preview":"max-image-preview:large","max-video-preview":"max-video-preview:-1"},"canonical":"https:\/\/sedaholiday.com\/tr\/wp-json\/wp\/v2\/pages\/1228","og_locale":"tr_TR","og_type":"article","og_title":"Privace Policy - Seda Holiday | Alanya Hotel","og_description":"Privace Policy Privace Policy At Seda Holiday, we are deeply committed to safeguarding the privacy and personal data of our guests, employees, and business partners. This Privacy Policy outlines how we collect, use, disclose, and protect your personal information when you interact with our hotel, website, or services. By accessing our services, you agree to [&hellip;]","og_url":"https:\/\/sedaholiday.com\/tr\/privace-policy\/","og_site_name":"Seda Holiday | Alanya Hotel","article_modified_time":"2025-01-16T21:00:09+00:00","twitter_card":"summary_large_image","twitter_misc":{"Tahmini okuma s\u00fcresi":"5 dakika"},"schema":{"@context":"https:\/\/schema.org","@graph":[{"@type":"WebPage","@id":"https:\/\/sedaholiday.com\/privace-policy\/","url":"https:\/\/sedaholiday.com\/privace-policy\/","name":"Privace Policy - Seda Holiday | Alanya Hotel","isPartOf":{"@id":"https:\/\/sedaholiday.com\/#website"},"datePublished":"2025-01-16T20:57:34+00:00","dateModified":"2025-01-16T21:00:09+00:00","breadcrumb":{"@id":"https:\/\/sedaholiday.com\/privace-policy\/#breadcrumb"},"inLanguage":"tr","potentialAction":[{"@type":"ReadAction","target":["https:\/\/sedaholiday.com\/privace-policy\/"]}]},{"@type":"BreadcrumbList","@id":"https:\/\/sedaholiday.com\/privace-policy\/#breadcrumb","itemListElement":[{"@type":"ListItem","position":1,"name":"Anasayfa","item":"https:\/\/sedaholiday.com\/"},{"@type":"ListItem","position":2,"name":"Privace Policy"}]},{"@type":"WebSite","@id":"https:\/\/sedaholiday.com\/#website","url":"https:\/\/sedaholiday.com\/","name":"Seda Holiday | Alanya Hotel","description":"Seda Holiday | Alanya Hotel","potentialAction":[{"@type":"SearchAction","target":{"@type":"EntryPoint","urlTemplate":"https:\/\/sedaholiday.com\/?s={search_term_string}"},"query-input":{"@type":"PropertyValueSpecification","valueRequired":true,"valueName":"search_term_string"}}],"inLanguage":"tr"}]}},"_links":{"self":[{"href":"https:\/\/sedaholiday.com\/tr\/wp-json\/wp\/v2\/pages\/1228","targetHints":{"allow":["GET"]}}],"collection":[{"href":"https:\/\/sedaholiday.com\/tr\/wp-json\/wp\/v2\/pages"}],"about":[{"href":"https:\/\/sedaholiday.com\/tr\/wp-json\/wp\/v2\/types\/page"}],"author":[{"embeddable":true,"href":"https:\/\/sedaholiday.com\/tr\/wp-json\/wp\/v2\/users\/1"}],"replies":[{"embeddable":true,"href":"https:\/\/sedaholiday.com\/tr\/wp-json\/wp\/v2\/comments?post=1228"}],"version-history":[{"count":4,"href":"https:\/\/sedaholiday.com\/tr\/wp-json\/wp\/v2\/pages\/1228\/revisions"}],"predecessor-version":[{"id":1233,"href":"https:\/\/sedaholiday.com\/tr\/wp-json\/wp\/v2\/pages\/1228\/revisions\/1233"}],"wp:attachment":[{"href":"https:\/\/sedaholiday.com\/tr\/wp-json\/wp\/v2\/media?parent=1228"}],"curies":[{"name":"wp","href":"https:\/\/api.w.org\/{rel}","templated":true}]}}